{"id":34,"date":"2019-02-18T15:58:08","date_gmt":"2019-02-18T15:58:08","guid":{"rendered":"http:\/\/romani-vivi.at\/blog\/?page_id=34"},"modified":"2024-10-14T13:35:29","modified_gmt":"2024-10-14T13:35:29","slug":"wir-begleiten-ihren-webauftritt","status":"publish","type":"page","link":"https:\/\/romani-vivi.at\/blog\/","title":{"rendered":"Wir begleiten Ihren Webauftritt"},"content":{"rendered":"\t\t<div data-elementor-type=\"wp-page\" data-elementor-id=\"34\" class=\"elementor elementor-34\">\n\t\t\t\t\t\t<section class=\"elementor-section elementor-top-section elementor-element elementor-element-51c1ef4 elementor-section-boxed elementor-section-height-default elementor-section-height-default\" data-id=\"51c1ef4\" data-element_type=\"section\">\n\t\t\t\t\t\t<div class=\"elementor-container elementor-column-gap-default\">\n\t\t\t\t\t<div class=\"elementor-column elementor-col-50 elementor-top-column elementor-element elementor-element-4753fc8\" data-id=\"4753fc8\" data-element_type=\"column\">\n\t\t\t<div class=\"elementor-widget-wrap elementor-element-populated\">\n\t\t\t\t\t\t<div class=\"elementor-element elementor-element-1c3148d elementor-widget elementor-widget-text-editor\" data-id=\"1c3148d\" data-element_type=\"widget\" data-widget_type=\"text-editor.default\">\n\t\t\t\t<div class=\"elementor-widget-container\">\n\t\t\t\t\t\t\t\t\t<p>Sie brauchen einen Internetauftritt? Eine Website, einen Webshop, einen Blog?<\/p><p>Wir stellen zwei Varianten zur Verf\u00fcgung, die Ihnen eine selbst\u00e4ndige Wartung, \u00c4nderung oder Einpflege der Inhalte erm\u00f6glicht.<\/p><p>Dies geschieht \u00fcber Contentmanagement Systeme. <\/p><p>Wir erstellen diese mit Joomla oder WordPress. Hier sehen Sie jetzt ein paar Beispiele:<\/p>\t\t\t\t\t\t\t\t<\/div>\n\t\t\t\t<\/div>\n\t\t\t\t\t<\/div>\n\t\t<\/div>\n\t\t\t\t<div class=\"elementor-column elementor-col-50 elementor-top-column elementor-element elementor-element-fb7ca02\" data-id=\"fb7ca02\" data-element_type=\"column\">\n\t\t\t<div class=\"elementor-widget-wrap elementor-element-populated\">\n\t\t\t\t\t\t<div class=\"elementor-element elementor-element-b38d9c9 elementor-invisible elementor-widget elementor-widget-image\" data-id=\"b38d9c9\" data-element_type=\"widget\" data-settings=\"{&quot;_animation&quot;:&quot;fadeInRight&quot;}\" data-widget_type=\"image.default\">\n\t\t\t\t<div class=\"elementor-widget-container\">\n\t\t\t\t\t\t\t\t\t\t\t\t\t\t\t<img fetchpriority=\"high\" decoding=\"async\" width=\"350\" height=\"450\" src=\"https:\/\/romani-vivi.at\/blog\/wp-content\/uploads\/2023\/08\/Selbstportraet.jpg\" class=\"attachment-large size-large wp-image-297\" alt=\"\" srcset=\"https:\/\/romani-vivi.at\/blog\/wp-content\/uploads\/2023\/08\/Selbstportraet.jpg 350w, https:\/\/romani-vivi.at\/blog\/wp-content\/uploads\/2023\/08\/Selbstportraet-233x300.jpg 233w\" sizes=\"100vw\" \/>\t\t\t\t\t\t\t\t\t\t\t\t\t\t\t<\/div>\n\t\t\t\t<\/div>\n\t\t\t\t\t<\/div>\n\t\t<\/div>\n\t\t\t\t\t<\/div>\n\t\t<\/section>\n\t\t\t\t<section class=\"elementor-section elementor-top-section elementor-element elementor-element-3e2c7ba elementor-section-boxed elementor-section-height-default elementor-section-height-default\" data-id=\"3e2c7ba\" data-element_type=\"section\">\n\t\t\t\t\t\t<div class=\"elementor-container elementor-column-gap-default\">\n\t\t\t\t\t<div class=\"elementor-column elementor-col-100 elementor-top-column elementor-element elementor-element-b1bb07c\" data-id=\"b1bb07c\" data-element_type=\"column\">\n\t\t\t<div class=\"elementor-widget-wrap elementor-element-populated\">\n\t\t\t\t\t\t<div class=\"elementor-element elementor-element-f64e18f elementor-widget elementor-widget-heading\" data-id=\"f64e18f\" data-element_type=\"widget\" data-widget_type=\"heading.default\">\n\t\t\t\t<div class=\"elementor-widget-container\">\n\t\t\t\t\t<h2 class=\"elementor-heading-title elementor-size-default\">Beispiele von Websites unserer Kunden: Klicken Sie sich durch!<\/h2>\t\t\t\t<\/div>\n\t\t\t\t<\/div>\n\t\t\t\t\t<\/div>\n\t\t<\/div>\n\t\t\t\t\t<\/div>\n\t\t<\/section>\n\t\t\t\t<section class=\"elementor-section elementor-top-section elementor-element elementor-element-7e5bb7e elementor-section-boxed elementor-section-height-default elementor-section-height-default\" data-id=\"7e5bb7e\" data-element_type=\"section\">\n\t\t\t\t\t\t<div class=\"elementor-container elementor-column-gap-default\">\n\t\t\t\t\t<div class=\"elementor-column elementor-col-33 elementor-top-column elementor-element elementor-element-5b3f2cc\" data-id=\"5b3f2cc\" data-element_type=\"column\">\n\t\t\t<div class=\"elementor-widget-wrap elementor-element-populated\">\n\t\t\t\t\t\t<div class=\"elementor-element elementor-element-375a10b elementor-widget elementor-widget-image\" data-id=\"375a10b\" data-element_type=\"widget\" data-widget_type=\"image.default\">\n\t\t\t\t<div class=\"elementor-widget-container\">\n\t\t\t\t\t\t\t\t\t\t\t\t<figure class=\"wp-caption\">\n\t\t\t\t\t\t\t\t\t\t\t<a href=\"http:\/\/pflanzenexperte.at\/\" target=\"_blank\">\n\t\t\t\t\t\t\t<img decoding=\"async\" width=\"600\" height=\"500\" src=\"https:\/\/romani-vivi.at\/blog\/wp-content\/uploads\/2020\/03\/pflanzenexperte.png\" class=\"attachment-full size-full wp-image-270\" alt=\"\" srcset=\"https:\/\/romani-vivi.at\/blog\/wp-content\/uploads\/2020\/03\/pflanzenexperte.png 600w, https:\/\/romani-vivi.at\/blog\/wp-content\/uploads\/2020\/03\/pflanzenexperte-300x250.png 300w\" sizes=\"100vw\" \/>\t\t\t\t\t\t\t\t<\/a>\n\t\t\t\t\t\t\t\t\t\t\t<figcaption class=\"widget-image-caption wp-caption-text\">pflanzeenexperte.at<\/figcaption>\n\t\t\t\t\t\t\t\t\t\t<\/figure>\n\t\t\t\t\t\t\t\t\t<\/div>\n\t\t\t\t<\/div>\n\t\t\t\t\t<\/div>\n\t\t<\/div>\n\t\t\t\t<div class=\"elementor-column elementor-col-33 elementor-top-column elementor-element elementor-element-1a8e2e7\" data-id=\"1a8e2e7\" data-element_type=\"column\">\n\t\t\t<div class=\"elementor-widget-wrap elementor-element-populated\">\n\t\t\t\t\t\t<div class=\"elementor-element elementor-element-ee034ff elementor-widget elementor-widget-image\" data-id=\"ee034ff\" data-element_type=\"widget\" data-widget_type=\"image.default\">\n\t\t\t\t<div class=\"elementor-widget-container\">\n\t\t\t\t\t\t\t\t\t\t\t\t<figure class=\"wp-caption\">\n\t\t\t\t\t\t\t\t\t\t\t<a href=\"http:\/\/www.maestosoinconcert.com\/\" target=\"_blank\">\n\t\t\t\t\t\t\t<img decoding=\"async\" width=\"600\" height=\"500\" src=\"https:\/\/romani-vivi.at\/blog\/wp-content\/uploads\/2020\/03\/maestosoinconcert.png\" class=\"attachment-full size-full wp-image-281\" alt=\"\" srcset=\"https:\/\/romani-vivi.at\/blog\/wp-content\/uploads\/2020\/03\/maestosoinconcert.png 600w, https:\/\/romani-vivi.at\/blog\/wp-content\/uploads\/2020\/03\/maestosoinconcert-300x250.png 300w\" sizes=\"100vw\" \/>\t\t\t\t\t\t\t\t<\/a>\n\t\t\t\t\t\t\t\t\t\t\t<figcaption class=\"widget-image-caption wp-caption-text\">maestosoinconcert.com<\/figcaption>\n\t\t\t\t\t\t\t\t\t\t<\/figure>\n\t\t\t\t\t\t\t\t\t<\/div>\n\t\t\t\t<\/div>\n\t\t\t\t\t<\/div>\n\t\t<\/div>\n\t\t\t\t<div class=\"elementor-column elementor-col-33 elementor-top-column elementor-element elementor-element-5d4fd03\" data-id=\"5d4fd03\" data-element_type=\"column\">\n\t\t\t<div class=\"elementor-widget-wrap elementor-element-populated\">\n\t\t\t\t\t\t<div class=\"elementor-element elementor-element-72d5ff2 elementor-widget elementor-widget-image\" data-id=\"72d5ff2\" data-element_type=\"widget\" data-widget_type=\"image.default\">\n\t\t\t\t<div class=\"elementor-widget-container\">\n\t\t\t\t\t\t\t\t\t\t\t\t<figure class=\"wp-caption\">\n\t\t\t\t\t\t\t\t\t\t\t<a href=\"http:\/\/sabrina-winter.at\/\" target=\"_blank\">\n\t\t\t\t\t\t\t<img loading=\"lazy\" decoding=\"async\" width=\"600\" height=\"499\" src=\"https:\/\/romani-vivi.at\/blog\/wp-content\/uploads\/2021\/03\/sabrinawinter01-e1691401516200.jpg\" class=\"attachment-full size-full wp-image-245\" alt=\"\" srcset=\"https:\/\/romani-vivi.at\/blog\/wp-content\/uploads\/2021\/03\/sabrinawinter01-e1691401516200.jpg 600w, https:\/\/romani-vivi.at\/blog\/wp-content\/uploads\/2021\/03\/sabrinawinter01-e1691401516200-300x250.jpg 300w\" sizes=\"100vw\" \/>\t\t\t\t\t\t\t\t<\/a>\n\t\t\t\t\t\t\t\t\t\t\t<figcaption class=\"widget-image-caption wp-caption-text\">sabrina-winter.at<\/figcaption>\n\t\t\t\t\t\t\t\t\t\t<\/figure>\n\t\t\t\t\t\t\t\t\t<\/div>\n\t\t\t\t<\/div>\n\t\t\t\t\t<\/div>\n\t\t<\/div>\n\t\t\t\t\t<\/div>\n\t\t<\/section>\n\t\t\t\t<section class=\"elementor-section elementor-top-section elementor-element elementor-element-978f6fb elementor-section-boxed elementor-section-height-default elementor-section-height-default\" data-id=\"978f6fb\" data-element_type=\"section\">\n\t\t\t\t\t\t<div class=\"elementor-container elementor-column-gap-default\">\n\t\t\t\t\t<div class=\"elementor-column elementor-col-33 elementor-top-column elementor-element elementor-element-9de1e2a\" data-id=\"9de1e2a\" data-element_type=\"column\">\n\t\t\t<div class=\"elementor-widget-wrap elementor-element-populated\">\n\t\t\t\t\t\t<div class=\"elementor-element elementor-element-a7152be elementor-widget elementor-widget-image\" data-id=\"a7152be\" data-element_type=\"widget\" data-widget_type=\"image.default\">\n\t\t\t\t<div class=\"elementor-widget-container\">\n\t\t\t\t\t\t\t\t\t\t\t\t<figure class=\"wp-caption\">\n\t\t\t\t\t\t\t\t\t\t\t<a href=\"http:\/\/www.alexandrareinprecht.com\" target=\"_blank\">\n\t\t\t\t\t\t\t<img loading=\"lazy\" decoding=\"async\" width=\"600\" height=\"500\" src=\"https:\/\/romani-vivi.at\/blog\/wp-content\/uploads\/2020\/03\/alexandrareinprecht.png\" class=\"attachment-full size-full wp-image-276\" alt=\"\" srcset=\"https:\/\/romani-vivi.at\/blog\/wp-content\/uploads\/2020\/03\/alexandrareinprecht.png 600w, https:\/\/romani-vivi.at\/blog\/wp-content\/uploads\/2020\/03\/alexandrareinprecht-300x250.png 300w\" sizes=\"100vw\" \/>\t\t\t\t\t\t\t\t<\/a>\n\t\t\t\t\t\t\t\t\t\t\t<figcaption class=\"widget-image-caption wp-caption-text\">alexandrareinprecht.com<\/figcaption>\n\t\t\t\t\t\t\t\t\t\t<\/figure>\n\t\t\t\t\t\t\t\t\t<\/div>\n\t\t\t\t<\/div>\n\t\t\t\t\t<\/div>\n\t\t<\/div>\n\t\t\t\t<div class=\"elementor-column elementor-col-33 elementor-top-column elementor-element elementor-element-c4d7699\" data-id=\"c4d7699\" data-element_type=\"column\">\n\t\t\t<div class=\"elementor-widget-wrap elementor-element-populated\">\n\t\t\t\t\t\t<div class=\"elementor-element elementor-element-0f67f43 elementor-widget elementor-widget-image\" data-id=\"0f67f43\" data-element_type=\"widget\" data-widget_type=\"image.default\">\n\t\t\t\t<div class=\"elementor-widget-container\">\n\t\t\t\t\t\t\t\t\t\t\t\t<figure class=\"wp-caption\">\n\t\t\t\t\t\t\t\t\t\t\t<a href=\"https:\/\/www.gl\u00fccksg\u00e4rtner.at\" target=\"_blank\">\n\t\t\t\t\t\t\t<img loading=\"lazy\" decoding=\"async\" width=\"600\" height=\"500\" src=\"https:\/\/romani-vivi.at\/blog\/wp-content\/uploads\/2024\/08\/glueckgaertner600.jpg\" class=\"attachment-full size-full wp-image-363\" alt=\"\" srcset=\"https:\/\/romani-vivi.at\/blog\/wp-content\/uploads\/2024\/08\/glueckgaertner600.jpg 600w, https:\/\/romani-vivi.at\/blog\/wp-content\/uploads\/2024\/08\/glueckgaertner600-300x250.jpg 300w\" sizes=\"100vw\" \/>\t\t\t\t\t\t\t\t<\/a>\n\t\t\t\t\t\t\t\t\t\t\t<figcaption class=\"widget-image-caption wp-caption-text\">gl\u00fccksg\u00e4rtner.at<\/figcaption>\n\t\t\t\t\t\t\t\t\t\t<\/figure>\n\t\t\t\t\t\t\t\t\t<\/div>\n\t\t\t\t<\/div>\n\t\t\t\t\t<\/div>\n\t\t<\/div>\n\t\t\t\t<div class=\"elementor-column elementor-col-33 elementor-top-column elementor-element elementor-element-f765855\" data-id=\"f765855\" data-element_type=\"column\">\n\t\t\t<div class=\"elementor-widget-wrap elementor-element-populated\">\n\t\t\t\t\t\t<div class=\"elementor-element elementor-element-006b5ff elementor-widget elementor-widget-image\" data-id=\"006b5ff\" data-element_type=\"widget\" data-widget_type=\"image.default\">\n\t\t\t\t<div class=\"elementor-widget-container\">\n\t\t\t\t\t\t\t\t\t\t\t\t<figure class=\"wp-caption\">\n\t\t\t\t\t\t\t\t\t\t\t<a href=\"http:\/\/www.alexandrareinprecht.com\">\n\t\t\t\t\t\t\t<img loading=\"lazy\" decoding=\"async\" width=\"525\" height=\"438\" src=\"https:\/\/romani-vivi.at\/blog\/wp-content\/uploads\/2020\/03\/alexandrareinprechtmain.png\" class=\"attachment-large size-large wp-image-278\" alt=\"\" srcset=\"https:\/\/romani-vivi.at\/blog\/wp-content\/uploads\/2020\/03\/alexandrareinprechtmain.png 600w, https:\/\/romani-vivi.at\/blog\/wp-content\/uploads\/2020\/03\/alexandrareinprechtmain-300x250.png 300w\" sizes=\"100vw\" \/>\t\t\t\t\t\t\t\t<\/a>\n\t\t\t\t\t\t\t\t\t\t\t<figcaption class=\"widget-image-caption wp-caption-text\">alexandrareinprecht.com<\/figcaption>\n\t\t\t\t\t\t\t\t\t\t<\/figure>\n\t\t\t\t\t\t\t\t\t<\/div>\n\t\t\t\t<\/div>\n\t\t\t\t\t<\/div>\n\t\t<\/div>\n\t\t\t\t\t<\/div>\n\t\t<\/section>\n\t\t\t\t<section class=\"elementor-section elementor-top-section elementor-element elementor-element-ce52f5e elementor-section-boxed elementor-section-height-default elementor-section-height-default\" data-id=\"ce52f5e\" data-element_type=\"section\">\n\t\t\t\t\t\t<div class=\"elementor-container elementor-column-gap-default\">\n\t\t\t\t\t<div class=\"elementor-column elementor-col-50 elementor-top-column elementor-element elementor-element-2cfccd3\" data-id=\"2cfccd3\" data-element_type=\"column\">\n\t\t\t<div class=\"elementor-widget-wrap elementor-element-populated\">\n\t\t\t\t\t\t<div class=\"elementor-element elementor-element-2ec8909 elementor-widget elementor-widget-image\" data-id=\"2ec8909\" data-element_type=\"widget\" data-widget_type=\"image.default\">\n\t\t\t\t<div class=\"elementor-widget-container\">\n\t\t\t\t\t\t\t\t\t\t\t\t<figure class=\"wp-caption\">\n\t\t\t\t\t\t\t\t\t\t\t<a href=\"http:\/\/www.waltertschugguel.at\" target=\"_blank\">\n\t\t\t\t\t\t\t<img loading=\"lazy\" decoding=\"async\" width=\"525\" height=\"306\" src=\"https:\/\/romani-vivi.at\/blog\/wp-content\/uploads\/2024\/05\/tschugguel600_350.png\" class=\"attachment-large size-large wp-image-354\" alt=\"\" srcset=\"https:\/\/romani-vivi.at\/blog\/wp-content\/uploads\/2024\/05\/tschugguel600_350.png 600w, https:\/\/romani-vivi.at\/blog\/wp-content\/uploads\/2024\/05\/tschugguel600_350-300x175.png 300w\" sizes=\"100vw\" \/>\t\t\t\t\t\t\t\t<\/a>\n\t\t\t\t\t\t\t\t\t\t\t<figcaption class=\"widget-image-caption wp-caption-text\">www.waltertschugguel.at<\/figcaption>\n\t\t\t\t\t\t\t\t\t\t<\/figure>\n\t\t\t\t\t\t\t\t\t<\/div>\n\t\t\t\t<\/div>\n\t\t\t\t\t<\/div>\n\t\t<\/div>\n\t\t\t\t<div class=\"elementor-column elementor-col-50 elementor-top-column elementor-element elementor-element-615654d\" data-id=\"615654d\" data-element_type=\"column\">\n\t\t\t<div class=\"elementor-widget-wrap elementor-element-populated\">\n\t\t\t\t\t\t<div class=\"elementor-element elementor-element-3fe5bbd elementor-widget elementor-widget-image\" data-id=\"3fe5bbd\" data-element_type=\"widget\" data-widget_type=\"image.default\">\n\t\t\t\t<div class=\"elementor-widget-container\">\n\t\t\t\t\t\t\t\t\t\t\t\t<figure class=\"wp-caption\">\n\t\t\t\t\t\t\t\t\t\t\t<a href=\"https:\/\/www.kopfundkoerper.at\/\" target=\"_blank\">\n\t\t\t\t\t\t\t<img loading=\"lazy\" decoding=\"async\" width=\"525\" height=\"306\" src=\"https:\/\/romani-vivi.at\/blog\/wp-content\/uploads\/2024\/05\/kopfundkoerper600_350.png\" class=\"attachment-large size-large wp-image-347\" alt=\"\" srcset=\"https:\/\/romani-vivi.at\/blog\/wp-content\/uploads\/2024\/05\/kopfundkoerper600_350.png 600w, https:\/\/romani-vivi.at\/blog\/wp-content\/uploads\/2024\/05\/kopfundkoerper600_350-300x175.png 300w\" sizes=\"100vw\" \/>\t\t\t\t\t\t\t\t<\/a>\n\t\t\t\t\t\t\t\t\t\t\t<figcaption class=\"widget-image-caption wp-caption-text\">kopfundkoerper.at<\/figcaption>\n\t\t\t\t\t\t\t\t\t\t<\/figure>\n\t\t\t\t\t\t\t\t\t<\/div>\n\t\t\t\t<\/div>\n\t\t\t\t\t<\/div>\n\t\t<\/div>\n\t\t\t\t\t<\/div>\n\t\t<\/section>\n\t\t\t\t<section class=\"elementor-section elementor-top-section elementor-element elementor-element-efd8f56 elementor-section-boxed elementor-section-height-default elementor-section-height-default\" data-id=\"efd8f56\" data-element_type=\"section\">\n\t\t\t\t\t\t<div class=\"elementor-container elementor-column-gap-default\">\n\t\t\t\t\t<div class=\"elementor-column elementor-col-100 elementor-top-column elementor-element elementor-element-4d18152\" data-id=\"4d18152\" data-element_type=\"column\">\n\t\t\t<div class=\"elementor-widget-wrap elementor-element-populated\">\n\t\t\t\t\t\t<div class=\"elementor-element elementor-element-41a3843 elementor-widget elementor-widget-image\" data-id=\"41a3843\" data-element_type=\"widget\" data-widget_type=\"image.default\">\n\t\t\t\t<div class=\"elementor-widget-container\">\n\t\t\t\t\t\t\t\t\t\t\t\t<figure class=\"wp-caption\">\n\t\t\t\t\t\t\t\t\t\t\t<a href=\"http:\/\/www.guenthergeorgeheidegger.at\" target=\"_blank\">\n\t\t\t\t\t\t\t<img loading=\"lazy\" decoding=\"async\" width=\"525\" height=\"438\" src=\"https:\/\/romani-vivi.at\/blog\/wp-content\/uploads\/2024\/10\/guenthergeorgeheidegger.png\" class=\"attachment-large size-large wp-image-391\" alt=\"\" srcset=\"https:\/\/romani-vivi.at\/blog\/wp-content\/uploads\/2024\/10\/guenthergeorgeheidegger.png 600w, https:\/\/romani-vivi.at\/blog\/wp-content\/uploads\/2024\/10\/guenthergeorgeheidegger-300x250.png 300w\" sizes=\"100vw\" \/>\t\t\t\t\t\t\t\t<\/a>\n\t\t\t\t\t\t\t\t\t\t\t<figcaption class=\"widget-image-caption wp-caption-text\">www.guenthergeorgeheidegger.at<\/figcaption>\n\t\t\t\t\t\t\t\t\t\t<\/figure>\n\t\t\t\t\t\t\t\t\t<\/div>\n\t\t\t\t<\/div>\n\t\t\t\t\t<\/div>\n\t\t<\/div>\n\t\t\t\t\t<\/div>\n\t\t<\/section>\n\t\t\t\t<section class=\"elementor-section elementor-top-section elementor-element elementor-element-6ef379a elementor-section-boxed elementor-section-height-default elementor-section-height-default\" data-id=\"6ef379a\" data-element_type=\"section\">\n\t\t\t\t\t\t<div class=\"elementor-container elementor-column-gap-default\">\n\t\t\t\t\t<div class=\"elementor-column elementor-col-100 elementor-top-column elementor-element elementor-element-f65a4dc\" data-id=\"f65a4dc\" data-element_type=\"column\">\n\t\t\t<div class=\"elementor-widget-wrap elementor-element-populated\">\n\t\t\t\t\t\t<div class=\"elementor-element elementor-element-14735d1 elementor-widget elementor-widget-text-editor\" data-id=\"14735d1\" data-element_type=\"widget\" data-widget_type=\"text-editor.default\">\n\t\t\t\t<div class=\"elementor-widget-container\">\n\t\t\t\t\t\t\t\t\t<p>Interessiert?<\/p><p>Sie wollen eine Website, die sie selbst \u00e4ndern und warten k\u00f6nnen? Dann sind Sie bei uns richtig! Wir beraten Sie, wir k\u00fcmmern uns um Ihre Dom\u00e4ne, Ihren Server, legen Ihre Seite an. Wir schulen Sie, dass Sie unabh\u00e4ngig Ihre Inhalte gestalten k\u00f6nnen.<\/p>\t\t\t\t\t\t\t\t<\/div>\n\t\t\t\t<\/div>\n\t\t\t\t<div class=\"elementor-element elementor-element-9afe2ef elementor-widget elementor-widget-button\" data-id=\"9afe2ef\" data-element_type=\"widget\" data-widget_type=\"button.default\">\n\t\t\t\t<div class=\"elementor-widget-container\">\n\t\t\t\t\t\t\t\t\t<div class=\"elementor-button-wrapper\">\n\t\t\t\t\t<a class=\"elementor-button elementor-button-link elementor-size-sm\" href=\"http:\/\/romani-vivi.at\/blog\/kontakt\/\">\n\t\t\t\t\t\t<span class=\"elementor-button-content-wrapper\">\n\t\t\t\t\t\t\t\t\t<span class=\"elementor-button-text\">Gehen wir es an!<\/span>\n\t\t\t\t\t<\/span>\n\t\t\t\t\t<\/a>\n\t\t\t\t<\/div>\n\t\t\t\t\t\t\t\t<\/div>\n\t\t\t\t<\/div>\n\t\t\t\t\t<\/div>\n\t\t<\/div>\n\t\t\t\t\t<\/div>\n\t\t<\/section>\n\t\t\t\t<section class=\"elementor-section elementor-top-section elementor-element elementor-element-12892ad elementor-section-boxed elementor-section-height-default elementor-section-height-default\" data-id=\"12892ad\" data-element_type=\"section\">\n\t\t\t\t\t\t<div class=\"elementor-container elementor-column-gap-default\">\n\t\t\t\t\t<div class=\"elementor-column elementor-col-100 elementor-top-column elementor-element elementor-element-4a11f91\" data-id=\"4a11f91\" data-element_type=\"column\">\n\t\t\t<div class=\"elementor-widget-wrap elementor-element-populated\">\n\t\t\t\t\t\t<div class=\"elementor-element elementor-element-0108cab elementor-widget elementor-widget-text-editor\" data-id=\"0108cab\" data-element_type=\"widget\" data-widget_type=\"text-editor.default\">\n\t\t\t\t<div class=\"elementor-widget-container\">\n\t\t\t\t\t\t\t\t\t<ul><li><a href=\"https:\/\/romani-vivi.at\/blog\/cms-erstellung\/\">N\u00e4chste Schritte &#8211; Von der Idee bis zur Umsetzung<\/a><\/li><li><a href=\"https:\/\/romani-vivi.at\/blog\/kundenseiten\/cms-erstellt-mit-wordpress\/\">WordPress Umsetzungen<\/a><\/li><li><a href=\"https:\/\/romani-vivi.at\/blog\/kundenseiten\/romani-vivi\/\">Joomla Umsetzungen<\/a><\/li><\/ul>\t\t\t\t\t\t\t\t<\/div>\n\t\t\t\t<\/div>\n\t\t\t\t\t<\/div>\n\t\t<\/div>\n\t\t\t\t\t<\/div>\n\t\t<\/section>\n\t\t\t\t<\/div>\n\t\t","protected":false},"excerpt":{"rendered":"<p>Sie brauchen einen Internetauftritt? Eine Website, einen Webshop, einen Blog? Wir stellen zwei Varianten zur Verf\u00fcgung, die Ihnen eine selbst\u00e4ndige Wartung, \u00c4nderung oder Einpflege der Inhalte erm\u00f6glicht. Dies geschieht \u00fcber Contentmanagement Systeme. Wir erstellen diese mit Joomla oder WordPress. Hier sehen Sie jetzt ein paar Beispiele: Beispiele von Websites unserer Kunden: Klicken Sie sich durch! &hellip; <\/p>\n<p class=\"link-more\"><a href=\"https:\/\/romani-vivi.at\/blog\/\" class=\"more-link\"><span class=\"screen-reader-text\">\u201eWir begleiten Ihren Webauftritt\u201c<\/span> weiterlesen<\/a><\/p>\n","protected":false},"author":1,"featured_media":0,"parent":0,"menu_order":0,"comment_status":"closed","ping_status":"closed","template":"","meta":{"footnotes":""},"class_list":["post-34","page","type-page","status-publish","hentry"],"_links":{"self":[{"href":"https:\/\/romani-vivi.at\/blog\/wp-json\/wp\/v2\/pages\/34","targetHints":{"allow":["GET"]}}],"collection":[{"href":"https:\/\/romani-vivi.at\/blog\/wp-json\/wp\/v2\/pages"}],"about":[{"href":"https:\/\/romani-vivi.at\/blog\/wp-json\/wp\/v2\/types\/page"}],"author":[{"embeddable":true,"href":"https:\/\/romani-vivi.at\/blog\/wp-json\/wp\/v2\/users\/1"}],"replies":[{"embeddable":true,"href":"https:\/\/romani-vivi.at\/blog\/wp-json\/wp\/v2\/comments?post=34"}],"version-history":[{"count":74,"href":"https:\/\/romani-vivi.at\/blog\/wp-json\/wp\/v2\/pages\/34\/revisions"}],"predecessor-version":[{"id":397,"href":"https:\/\/romani-vivi.at\/blog\/wp-json\/wp\/v2\/pages\/34\/revisions\/397"}],"wp:attachment":[{"href":"https:\/\/romani-vivi.at\/blog\/wp-json\/wp\/v2\/media?parent=34"}],"curies":[{"name":"wp","href":"https:\/\/api.w.org\/{rel}","templated":true}]}}